{"id":2691,"date":"2024-04-29T06:00:19","date_gmt":"2024-04-29T04:00:19","guid":{"rendered":"https:\/\/ec4rural.webs.uvigo.gal\/entrimo\/"},"modified":"2024-07-05T14:50:04","modified_gmt":"2024-07-05T12:50:04","slug":"entrimo","status":"publish","type":"page","link":"https:\/\/ec4rural.webs.uvigo.gal\/gl\/entrimo\/","title":{"rendered":"Entrimo"},"content":{"rendered":"<p><div class=\"fusion-fullwidth fullwidth-box fusion-builder-row-1 fusion-flex-container has-pattern-background has-mask-background nonhundred-percent-fullwidth non-hundred-percent-height-scrolling\" style=\"--awb-border-radius-top-left:0px;--awb-border-radius-top-right:0px;--awb-border-radius-bottom-right:0px;--awb-border-radius-bottom-left:0px;--awb-margin-top:30px;--awb-margin-bottom:40px;--awb-flex-wrap:wrap;\" ><div class=\"fusion-builder-row fusion-row fusion-flex-align-items-flex-start fusion-flex-content-wrap\" style=\"max-width:1248px;margin-left: calc(-4% \/ 2 );margin-right: calc(-4% \/ 2 );\"><div class=\"fusion-layout-column fusion_builder_column fusion-builder-column-0 fusion_builder_column_1_1 1_1 fusion-flex-column\" style=\"--awb-bg-size:cover;--awb-width-large:100%;--awb-margin-top-large:0px;--awb-spacing-right-large:1.92%;--awb-margin-bottom-large:20px;--awb-spacing-left-large:1.92%;--awb-width-medium:100%;--awb-order-medium:0;--awb-spacing-right-medium:1.92%;--awb-spacing-left-medium:1.92%;--awb-width-small:100%;--awb-order-small:0;--awb-spacing-right-small:1.92%;--awb-spacing-left-small:1.92%;\"><div class=\"fusion-column-wrapper fusion-column-has-shadow fusion-flex-justify-content-flex-start fusion-content-layout-column\"><div class=\"fusion-image-element \" style=\"text-align:center;--awb-caption-title-font-family:var(--h2_typography-font-family);--awb-caption-title-font-weight:var(--h2_typography-font-weight);--awb-caption-title-font-style:var(--h2_typography-font-style);--awb-caption-title-size:var(--h2_typography-font-size);--awb-caption-title-transform:var(--h2_typography-text-transform);--awb-caption-title-line-height:var(--h2_typography-line-height);--awb-caption-title-letter-spacing:var(--h2_typography-letter-spacing);\"><span class=\" fusion-imageframe imageframe-none imageframe-1 hover-type-none\"><img decoding=\"async\" width=\"389\" height=\"93\" title=\"Logo Entrimo\" src=\"https:\/\/ec4rural.webs.uvigo.gal\/wp-content\/uploads\/2024\/04\/Logo-Entrimo.png\" alt class=\"img-responsive wp-image-2000\" srcset=\"https:\/\/ec4rural.webs.uvigo.gal\/wp-content\/uploads\/2024\/04\/Logo-Entrimo-200x48.png 200w, https:\/\/ec4rural.webs.uvigo.gal\/wp-content\/uploads\/2024\/04\/Logo-Entrimo.png 389w\" sizes=\"(max-width: 640px) 100vw, 389px\" \/><\/span><\/div><\/div><\/div><\/div><\/div><div class=\"fusion-fullwidth fullwidth-box fusion-builder-row-2 fusion-flex-container has-pattern-background has-mask-background nonhundred-percent-fullwidth non-hundred-percent-height-scrolling\" style=\"--awb-border-radius-top-left:0px;--awb-border-radius-top-right:0px;--awb-border-radius-bottom-right:0px;--awb-border-radius-bottom-left:0px;--awb-padding-bottom:40px;--awb-background-color:#f2f2f2;--awb-flex-wrap:wrap;\" ><div class=\"fusion-builder-row fusion-row fusion-flex-align-items-flex-start fusion-flex-content-wrap\" style=\"max-width:1248px;margin-left: calc(-4% \/ 2 );margin-right: calc(-4% \/ 2 );\"><div class=\"fusion-layout-column fusion_builder_column fusion-builder-column-1 fusion_builder_column_1_1 1_1 fusion-flex-column\" style=\"--awb-bg-size:cover;--awb-width-large:100%;--awb-margin-top-large:0px;--awb-spacing-right-large:1.92%;--awb-margin-bottom-large:20px;--awb-spacing-left-large:1.92%;--awb-width-medium:100%;--awb-order-medium:0;--awb-spacing-right-medium:1.92%;--awb-spacing-left-medium:1.92%;--awb-width-small:100%;--awb-order-small:0;--awb-spacing-right-small:1.92%;--awb-spacing-left-small:1.92%;\"><div class=\"fusion-column-wrapper fusion-column-has-shadow fusion-flex-justify-content-flex-start fusion-content-layout-column\"><div class=\"fusion-text fusion-text-1\"><h4><strong>Introduci\u00f3n<\/strong><\/h4>\n<\/div><div class=\"fusion-text fusion-text-2\"><p>O <a href=\"https:\/\/www.concelloentrimo.es\/\">Concello de Entrimo<\/a> sit\u00faase no suroeste da provincia de Ourense, na comarca da Baixa Limia, a uns 70 quil\u00f3metros da capital provincial. En 2022 ten unha poboaci\u00f3n de 1.120 habitantes, unha superficie de 84,52 quil\u00f3metros cadrados e presenta un grao de urbanizaci\u00f3n de Zona Pouco Poboada, segundo o Instituto Galego de Estat\u00edstica.<\/p>\n<p>Pertence ao <a href=\"https:\/\/eurural.gal\/\">Grupo de Desenvolvemento Rural Limia-Arnoia<\/a> (GDR10).<\/p>\n<\/div><\/div><\/div><\/div><\/div><div class=\"fusion-fullwidth fullwidth-box fusion-builder-row-3 fusion-flex-container has-pattern-background has-mask-background nonhundred-percent-fullwidth non-hundred-percent-height-scrolling\" style=\"--awb-border-radius-top-left:0px;--awb-border-radius-top-right:0px;--awb-border-radius-bottom-right:0px;--awb-border-radius-bottom-left:0px;--awb-padding-bottom:40px;--awb-margin-bottom:40px;--awb-flex-wrap:wrap;\" ><div class=\"fusion-builder-row fusion-row fusion-flex-align-items-flex-start fusion-flex-content-wrap\" style=\"max-width:1248px;margin-left: calc(-4% \/ 2 );margin-right: calc(-4% \/ 2 );\"><div class=\"fusion-layout-column fusion_builder_column fusion-builder-column-2 fusion_builder_column_1_1 1_1 fusion-flex-column\" style=\"--awb-bg-size:cover;--awb-width-large:100%;--awb-margin-top-large:0px;--awb-spacing-right-large:1.92%;--awb-margin-bottom-large:20px;--awb-spacing-left-large:1.92%;--awb-width-medium:100%;--awb-order-medium:0;--awb-spacing-right-medium:1.92%;--awb-spacing-left-medium:1.92%;--awb-width-small:100%;--awb-order-small:0;--awb-spacing-right-small:1.92%;--awb-spacing-left-small:1.92%;\"><div class=\"fusion-column-wrapper fusion-column-has-shadow fusion-flex-justify-content-flex-start fusion-content-layout-column\"><div class=\"fusion-text fusion-text-3\"><h4><strong>Poboaci\u00f3n e estrutura demogr\u00e1fica\u00a0<\/strong><\/h4>\n<\/div><div class=\"fusion-text fusion-text-4\"><p>A <strong>poboaci\u00f3n<\/strong> de Entrimo rexistrou unha din\u00e1mica de crecemento continuado de habitantes cun aumento do 11,65%, dato m\u00e1is favorable que o decrecemento do 1,5% rexistrado para o conxunto galego de 1991 a 2022.<\/p>\n<p>O <strong>\u00edndice de dependencia global<\/strong> (IDG) en Entrimo presenta un incremento significativo e un achegamento entre o municipio e a s\u00faa provincia, o que repercutir\u00e1 en implicaci\u00f3ns positivas no desenvolvemento e equilibrio socioecon\u00f3mico a longo prazo.<\/p>\n<\/div><\/div><\/div><div class=\"fusion-layout-column fusion_builder_column fusion-builder-column-3 fusion_builder_column_1_2 1_2 fusion-flex-column\" style=\"--awb-bg-size:cover;--awb-width-large:50%;--awb-margin-top-large:0px;--awb-spacing-right-large:3.84%;--awb-margin-bottom-large:20px;--awb-spacing-left-large:3.84%;--awb-width-medium:50%;--awb-order-medium:0;--awb-spacing-right-medium:3.84%;--awb-spacing-left-medium:3.84%;--awb-width-small:100%;--awb-order-small:0;--awb-spacing-right-small:1.92%;--awb-spacing-left-small:1.92%;\"><div class=\"fusion-column-wrapper fusion-column-has-shadow fusion-flex-justify-content-flex-start fusion-content-layout-column\"><div class=\"fusion-image-element awb-imageframe-style awb-imageframe-style-below awb-imageframe-style-2\" style=\"text-align:center;--awb-caption-title-font-family:var(--h2_typography-font-family);--awb-caption-title-font-weight:var(--h2_typography-font-weight);--awb-caption-title-font-style:var(--h2_typography-font-style);--awb-caption-title-size:var(--h2_typography-font-size);--awb-caption-title-transform:var(--h2_typography-text-transform);--awb-caption-title-line-height:var(--h2_typography-line-height);--awb-caption-title-letter-spacing:var(--h2_typography-letter-spacing);\"><span class=\" fusion-imageframe imageframe-none imageframe-2 hover-type-none\"><img decoding=\"async\" width=\"509\" height=\"278\" title=\"Gr\u00e1fica poblac\u00edon Entrimo\" src=\"https:\/\/ec4rural.webs.uvigo.gal\/wp-content\/uploads\/2024\/04\/Grafica-poblacion-Entrimo.png\" alt class=\"img-responsive wp-image-2003\" srcset=\"https:\/\/ec4rural.webs.uvigo.gal\/wp-content\/uploads\/2024\/04\/Grafica-poblacion-Entrimo-200x109.png 200w, https:\/\/ec4rural.webs.uvigo.gal\/wp-content\/uploads\/2024\/04\/Grafica-poblacion-Entrimo-400x218.png 400w, https:\/\/ec4rural.webs.uvigo.gal\/wp-content\/uploads\/2024\/04\/Grafica-poblacion-Entrimo.png 509w\" sizes=\"(max-width: 640px) 100vw, 509px\" \/><\/span><div class=\"awb-imageframe-caption-container\" style=\"text-align:center;\"><div class=\"awb-imageframe-caption\"><h2 class=\"awb-imageframe-caption-title\"> <\/h2><p class=\"awb-imageframe-caption-text\">Din\u00e1mica demogr\u00e1fica en Entrimo.<\/p><\/div><\/div><\/div><\/div><\/div><div class=\"fusion-layout-column fusion_builder_column fusion-builder-column-4 fusion_builder_column_1_2 1_2 fusion-flex-column\" style=\"--awb-bg-size:cover;--awb-width-large:50%;--awb-margin-top-large:0px;--awb-spacing-right-large:3.84%;--awb-margin-bottom-large:20px;--awb-spacing-left-large:3.84%;--awb-width-medium:50%;--awb-order-medium:0;--awb-spacing-right-medium:3.84%;--awb-spacing-left-medium:3.84%;--awb-width-small:100%;--awb-order-small:0;--awb-spacing-right-small:1.92%;--awb-spacing-left-small:1.92%;\"><div class=\"fusion-column-wrapper fusion-column-has-shadow fusion-flex-justify-content-flex-start fusion-content-layout-column\"><div class=\"fusion-image-element awb-imageframe-style awb-imageframe-style-below awb-imageframe-style-3\" style=\"text-align:center;--awb-caption-margin-right:30px;--awb-caption-margin-left:30px;--awb-caption-title-font-family:var(--h2_typography-font-family);--awb-caption-title-font-weight:var(--h2_typography-font-weight);--awb-caption-title-font-style:var(--h2_typography-font-style);--awb-caption-title-size:var(--h2_typography-font-size);--awb-caption-title-transform:var(--h2_typography-text-transform);--awb-caption-title-line-height:var(--h2_typography-line-height);--awb-caption-title-letter-spacing:var(--h2_typography-letter-spacing);\"><span class=\" fusion-imageframe imageframe-none imageframe-3 hover-type-none\"><img decoding=\"async\" width=\"488\" height=\"290\" title=\"Evolution total dependency\" src=\"https:\/\/ec4rural.webs.uvigo.gal\/wp-content\/uploads\/2024\/04\/Evolution-total-dependency.png\" alt class=\"img-responsive wp-image-2013\" srcset=\"https:\/\/ec4rural.webs.uvigo.gal\/wp-content\/uploads\/2024\/04\/Evolution-total-dependency-200x119.png 200w, https:\/\/ec4rural.webs.uvigo.gal\/wp-content\/uploads\/2024\/04\/Evolution-total-dependency-400x238.png 400w, https:\/\/ec4rural.webs.uvigo.gal\/wp-content\/uploads\/2024\/04\/Evolution-total-dependency.png 488w\" sizes=\"(max-width: 640px) 100vw, 488px\" \/><\/span><div class=\"awb-imageframe-caption-container\" style=\"text-align:center;\"><div class=\"awb-imageframe-caption\"><h2 class=\"awb-imageframe-caption-title\"> <\/h2><p class=\"awb-imageframe-caption-text\">Evoluci\u00f3n da taxa de dependencia total de Entrimo, Ourense e Galicia.<\/p><\/div><\/div><\/div><\/div><\/div><\/div><\/div><div class=\"fusion-fullwidth fullwidth-box fusion-builder-row-4 fusion-flex-container has-pattern-background has-mask-background nonhundred-percent-fullwidth non-hundred-percent-height-scrolling\" style=\"--awb-border-radius-top-left:0px;--awb-border-radius-top-right:0px;--awb-border-radius-bottom-right:0px;--awb-border-radius-bottom-left:0px;--awb-padding-bottom:40px;--awb-background-color:#f2f2f2;--awb-flex-wrap:wrap;\" ><div class=\"fusion-builder-row fusion-row fusion-flex-align-items-flex-start fusion-flex-content-wrap\" style=\"max-width:1248px;margin-left: calc(-4% \/ 2 );margin-right: calc(-4% \/ 2 );\"><div class=\"fusion-layout-column fusion_builder_column fusion-builder-column-5 fusion_builder_column_1_1 1_1 fusion-flex-column\" style=\"--awb-bg-size:cover;--awb-width-large:100%;--awb-margin-top-large:0px;--awb-spacing-right-large:1.92%;--awb-margin-bottom-large:20px;--awb-spacing-left-large:1.92%;--awb-width-medium:100%;--awb-order-medium:0;--awb-spacing-right-medium:1.92%;--awb-spacing-left-medium:1.92%;--awb-width-small:100%;--awb-order-small:0;--awb-spacing-right-small:1.92%;--awb-spacing-left-small:1.92%;\"><div class=\"fusion-column-wrapper fusion-column-has-shadow fusion-flex-justify-content-flex-start fusion-content-layout-column\"><div class=\"fusion-text fusion-text-5\"><h4><strong>Econom\u00eda<\/strong><\/h4>\n<\/div><div class=\"fusion-text fusion-text-6\"><p>A <strong>evoluci\u00f3n do PIB<\/strong> en Entrimo mostra unha din\u00e1mica evolutiva do seu PIB, moi en li\u00f1a coa tendencia a nivel provincial e auton\u00f3mico.<\/p>\n<p>Entre 2012 e 2016 rexistrouse un notable aumento, seguido dunha marcada diminuci\u00f3n entre 2018 e 2020, atribu\u00edda aos impactos da pandemia. Non obstante, no total do per\u00edodo comprendido entre 2010 e 2018, o PIB de Entrimo experimentou un crecemento do 20%, superando ao PIB galego, cun 6,14%, e contrastando coa tendencia \u00e1 baixa observada na provincia no seu conxunto, cun -1,8%.<\/p>\n<p>&nbsp;<\/p>\n<p>Posteriormente, entre 2018 e 2020, todos os territorios experimentaron unha acusada reduci\u00f3n do seu PIB, cun notable descenso do 21,5% do PIB municipal de Entrimo, un descenso importante respecto ao experimentado no conxunto de Galicia, cun -7, 7%, e na provincia de Ourense, cun -9%. Esta tendencia trad\u00facese nun descenso do 5,7% do PIB municipal no per\u00edodo 2010-2020, inferior \u00e1 reduci\u00f3n do 10,5% observada na provincia, mentres que en Galicia s\u00f3 diminu\u00edu un 2%. Por\u00e9n, o PIB total do municipio alcanzou en 2020 os 11,14 mill\u00f3ns de euros, o que sup\u00f3n o 0,2% do PIB provincial de Ourense e s\u00f3 o 0,02% do da Comunidade Aut\u00f3noma.<\/p>\n<p>A <strong>Renda Bruta Dispo\u00f1ible <\/strong>(RBD) amosa similitudes a nivel galego e provincial entre os anos 2002 e 2020.<\/p>\n<p>No caso de Entrimo, aumentou un 2,5% e, m\u00e1is adiante, obs\u00e9rvase unha diminuci\u00f3n do -23% ata o ano 2014. Seguiulle unha recuperaci\u00f3n ata 2020, debido aos efectos da pandemia. Posteriormente, rex\u00edstrase unha diminuci\u00f3n ata 2014. A partir de a\u00ed, experim\u00e9ntase un per\u00edodo de expansi\u00f3n do 16% ata 2020, onde novamente cae debido aos efectos da pandemia.<\/p>\n<p>No segundo per\u00edodo de expansi\u00f3n, do 2014 ao 2020, o crecemento da RBD estivo en li\u00f1a cos conxuntos, cun 16% en Entrimo, un 13% en Galicia e un 16% en Ourense respectivamente. A pandemia xerou unha diminuci\u00f3n da RBD no territorio, cunha perda do 4% en 2020 onde se situaba a renda por habitante nuns 10.672 euros. Con todo, a RBD de Entrimo amosa un decrecemento en termos globais, a diferenza dos conxuntos territoriais. En 2020, a RBD do municipio foi dun 8%.<\/p>\n<p>Posteriormente, rex\u00edstrase unha diminuci\u00f3n ata 2014. A partir de a\u00ed, experim\u00e9ntase un per\u00edodo de expansi\u00f3n do 16% ata 2020, onde novamente cae debido aos efectos da pandemia.<\/p>\n<p>Usando o rexistro de afiliaci\u00f3ns \u00e1 seguridade social como unha estimaci\u00f3n do <strong>emprego <\/strong>municipal, os resultados indican unha tendencia de crecemento positiva. Entre os anos 2011 e 2022, Entrimo conta cun incremento do 15%, superior ao 7,4% rexistrado a nivel galego e de 11% a nivel provincial.<\/p>\n<p>Se analizamos por sectores, o sector primario rexistra unha reduci\u00f3n do 20% e represena o 10% das afiliaci\u00f3ns do municipio. O sector secundario red\u00facese s\u00f3 un 3%, representando o 24% das afiliaci\u00f3ns. O sector terciario ga\u00f1a un 14,4% das afiliaci\u00f3ns, destaca por representar o 66% de afiliaci\u00f3ns municipais.<\/p>\n<p>En 2022, Entrimo ti\u00f1a unha <strong>taxa de actividade<\/strong> que se situaba no 63%. A taxa de ocupaci\u00f3n experimentou un importante crecemento e sitouse en torno ao 52%. A taxa de desemprego descendeu do 24,6% en 2011 ata o 13% en 2022. A taxa de parto descendeu do 23,5% en 2011 ao 17% en 2022. Isto revela unha evoluci\u00f3n favorable do mercado laboral de Entrimo, cun incremento da actividade econ\u00f3mica e do emprego, as\u00ed como unha importante reduci\u00f3n da taxa de paro ao longo do per\u00edodo analizado.<\/p>\n<\/div><\/div><\/div><div class=\"fusion-layout-column fusion_builder_column fusion-builder-column-6 fusion_builder_column_1_2 1_2 fusion-flex-column\" style=\"--awb-bg-size:cover;--awb-width-large:50%;--awb-margin-top-large:0px;--awb-spacing-right-large:3.84%;--awb-margin-bottom-large:20px;--awb-spacing-left-large:3.84%;--awb-width-medium:50%;--awb-order-medium:0;--awb-spacing-right-medium:3.84%;--awb-spacing-left-medium:3.84%;--awb-width-small:100%;--awb-order-small:0;--awb-spacing-right-small:1.92%;--awb-spacing-left-small:1.92%;\"><div class=\"fusion-column-wrapper fusion-column-has-shadow fusion-flex-justify-content-flex-start fusion-content-layout-column\"><div class=\"fusion-image-element awb-imageframe-style awb-imageframe-style-below awb-imageframe-style-4\" style=\"text-align:center;--awb-caption-margin-right:30px;--awb-caption-margin-left:30px;--awb-caption-title-font-family:var(--h2_typography-font-family);--awb-caption-title-font-weight:var(--h2_typography-font-weight);--awb-caption-title-font-style:var(--h2_typography-font-style);--awb-caption-title-size:var(--h2_typography-font-size);--awb-caption-title-transform:var(--h2_typography-text-transform);--awb-caption-title-line-height:var(--h2_typography-line-height);--awb-caption-title-letter-spacing:var(--h2_typography-letter-spacing);\"><span class=\" fusion-imageframe imageframe-none imageframe-4 hover-type-none\"><img decoding=\"async\" width=\"481\" height=\"237\" title=\"Evolution of gross Dsiposable Income per Inhabitant Entrimo\" src=\"https:\/\/ec4rural.webs.uvigo.gal\/wp-content\/uploads\/2024\/04\/Evolution-of-gross-Dsiposable-Income-per-Inhabitant-Entrimo.gif\" alt class=\"img-responsive wp-image-2010\"\/><\/span><div class=\"awb-imageframe-caption-container\"><div class=\"awb-imageframe-caption\"><h2 class=\"awb-imageframe-caption-title\"> <\/h2><p class=\"awb-imageframe-caption-text\">Evoluci\u00f3n da Renda Bruta Dispo\u00f1ible por habitante en Entrimo, Ourense e Galicia.<\/p><\/div><\/div><\/div><\/div><\/div><div class=\"fusion-layout-column fusion_builder_column fusion-builder-column-7 fusion_builder_column_1_2 1_2 fusion-flex-column\" style=\"--awb-bg-size:cover;--awb-width-large:50%;--awb-margin-top-large:0px;--awb-spacing-right-large:3.84%;--awb-margin-bottom-large:20px;--awb-spacing-left-large:3.84%;--awb-width-medium:50%;--awb-order-medium:0;--awb-spacing-right-medium:3.84%;--awb-spacing-left-medium:3.84%;--awb-width-small:100%;--awb-order-small:0;--awb-spacing-right-small:1.92%;--awb-spacing-left-small:1.92%;\"><div class=\"fusion-column-wrapper fusion-column-has-shadow fusion-flex-justify-content-flex-start fusion-content-layout-column\"><div class=\"fusion-image-element awb-imageframe-style awb-imageframe-style-below awb-imageframe-style-5\" style=\"text-align:center;--awb-caption-margin-right:30px;--awb-caption-margin-left:30px;--awb-caption-title-font-family:var(--h2_typography-font-family);--awb-caption-title-font-weight:var(--h2_typography-font-weight);--awb-caption-title-font-style:var(--h2_typography-font-style);--awb-caption-title-size:var(--h2_typography-font-size);--awb-caption-title-transform:var(--h2_typography-text-transform);--awb-caption-title-line-height:var(--h2_typography-line-height);--awb-caption-title-letter-spacing:var(--h2_typography-letter-spacing);\"><span class=\" fusion-imageframe imageframe-none imageframe-5 hover-type-none\"><img decoding=\"async\" width=\"388\" height=\"212\" title=\"Evolution employment Entrimo\" src=\"https:\/\/ec4rural.webs.uvigo.gal\/wp-content\/uploads\/2024\/04\/Evolution-employment-Entrimo.gif\" alt class=\"img-responsive wp-image-2007\"\/><\/span><div class=\"awb-imageframe-caption-container\"><div class=\"awb-imageframe-caption\"><h2 class=\"awb-imageframe-caption-title\"> <\/h2><p class=\"awb-imageframe-caption-text\">Evoluci\u00f3n das taxas de emprego, paro e actividade no municipio de Entrimo.<\/p><\/div><\/div><\/div><\/div><\/div><\/div><\/div><div class=\"fusion-fullwidth fullwidth-box fusion-builder-row-5 fusion-flex-container has-pattern-background has-mask-background nonhundred-percent-fullwidth non-hundred-percent-height-scrolling\" style=\"--awb-border-radius-top-left:0px;--awb-border-radius-top-right:0px;--awb-border-radius-bottom-right:0px;--awb-border-radius-bottom-left:0px;--awb-flex-wrap:wrap;\" ><div class=\"fusion-builder-row fusion-row fusion-flex-align-items-flex-start fusion-flex-content-wrap\" style=\"max-width:1248px;margin-left: calc(-4% \/ 2 );margin-right: calc(-4% \/ 2 );\"><div class=\"fusion-layout-column fusion_builder_column fusion-builder-column-8 fusion_builder_column_1_1 1_1 fusion-flex-column\" style=\"--awb-bg-size:cover;--awb-width-large:100%;--awb-margin-top-large:0px;--awb-spacing-right-large:1.92%;--awb-margin-bottom-large:20px;--awb-spacing-left-large:1.92%;--awb-width-medium:100%;--awb-order-medium:0;--awb-spacing-right-medium:1.92%;--awb-spacing-left-medium:1.92%;--awb-width-small:100%;--awb-order-small:0;--awb-spacing-right-small:1.92%;--awb-spacing-left-small:1.92%;\"><div class=\"fusion-column-wrapper fusion-column-has-shadow fusion-flex-justify-content-flex-start fusion-content-layout-column\"><div class=\"fusion-text fusion-text-7\"><h4><strong>Recursos enerx\u00e9ticos<\/strong><\/h4>\n<\/div><div class=\"fusion-text fusion-text-8\"><p>Entrimo non conta con <strong>instalaci\u00f3ns de produci\u00f3n de enerx\u00eda renovable relevantes<\/strong>, polo que as iniciativas que se promovan e se incorporen ao territorio xogar\u00e1n un papel fundamental no impusldo do desenvolvemento enerx\u00e9tico local.<\/p>\n<p>&nbsp;<\/p>\n<p>O <strong>consumo el\u00e9ctrico<\/strong> de Entrimo en 2023 foi do 2,235.78 MWh. 1,441.58 MWh foi o consumo residencial. O consumo dos servizos, inclu\u00eddos os municipais, 726.04 foi de MWh. A industria consumiu 68.16 MWh.<\/p>\n<\/div><\/div><\/div><\/div><\/div><\/p>\n","protected":false},"excerpt":{"rendered":"","protected":false},"author":1,"featured_media":0,"parent":0,"menu_order":0,"comment_status":"closed","ping_status":"closed","template":"100-width.php","meta":{"footnotes":""},"yoast_head":"<!-- This site is optimized with the Yoast SEO plugin v23.8 - https:\/\/yoast.com\/wordpress\/plugins\/seo\/ -->\n<title>Entrimo - EC4RURAL<\/title>\n<meta name=\"robots\" content=\"index, follow, max-snippet:-1, max-image-preview:large, max-video-preview:-1\" \/>\n<link rel=\"canonical\" href=\"https:\/\/ec4rural.webs.uvigo.gal\/gl\/entrimo\/\" \/>\n<meta property=\"og:locale\" content=\"gl_ES\" \/>\n<meta property=\"og:type\" content=\"article\" \/>\n<meta property=\"og:title\" content=\"Entrimo - EC4RURAL\" \/>\n<meta property=\"og:url\" content=\"https:\/\/ec4rural.webs.uvigo.gal\/gl\/entrimo\/\" \/>\n<meta property=\"og:site_name\" content=\"EC4RURAL\" \/>\n<meta property=\"article:modified_time\" content=\"2024-07-05T12:50:04+00:00\" \/>\n<meta name=\"twitter:card\" content=\"summary_large_image\" \/>\n<meta name=\"twitter:label1\" content=\"Tempo de lectura\" \/>\n\t<meta name=\"twitter:data1\" content=\"4 minutos\" \/>\n<script type=\"application\/ld+json\" class=\"yoast-schema-graph\">{\"@context\":\"https:\/\/schema.org\",\"@graph\":[{\"@type\":\"WebPage\",\"@id\":\"https:\/\/ec4rural.webs.uvigo.gal\/gl\/entrimo\/\",\"url\":\"https:\/\/ec4rural.webs.uvigo.gal\/gl\/entrimo\/\",\"name\":\"Entrimo - EC4RURAL\",\"isPartOf\":{\"@id\":\"https:\/\/ec4rural.webs.uvigo.gal\/gl\/#website\"},\"datePublished\":\"2024-04-29T04:00:19+00:00\",\"dateModified\":\"2024-07-05T12:50:04+00:00\",\"breadcrumb\":{\"@id\":\"https:\/\/ec4rural.webs.uvigo.gal\/gl\/entrimo\/#breadcrumb\"},\"inLanguage\":\"gl-ES\",\"potentialAction\":[{\"@type\":\"ReadAction\",\"target\":[\"https:\/\/ec4rural.webs.uvigo.gal\/gl\/entrimo\/\"]}]},{\"@type\":\"BreadcrumbList\",\"@id\":\"https:\/\/ec4rural.webs.uvigo.gal\/gl\/entrimo\/#breadcrumb\",\"itemListElement\":[{\"@type\":\"ListItem\",\"position\":1,\"name\":\"Portada\",\"item\":\"https:\/\/ec4rural.webs.uvigo.gal\/gl\/\"},{\"@type\":\"ListItem\",\"position\":2,\"name\":\"Entrimo\"}]},{\"@type\":\"WebSite\",\"@id\":\"https:\/\/ec4rural.webs.uvigo.gal\/gl\/#website\",\"url\":\"https:\/\/ec4rural.webs.uvigo.gal\/gl\/\",\"name\":\"EC4RURAL\",\"description\":\"\",\"potentialAction\":[{\"@type\":\"SearchAction\",\"target\":{\"@type\":\"EntryPoint\",\"urlTemplate\":\"https:\/\/ec4rural.webs.uvigo.gal\/gl\/?s={search_term_string}\"},\"query-input\":{\"@type\":\"PropertyValueSpecification\",\"valueRequired\":true,\"valueName\":\"search_term_string\"}}],\"inLanguage\":\"gl-ES\"}]}<\/script>\n<!-- \/ Yoast SEO plugin. -->","yoast_head_json":{"title":"Entrimo - EC4RURAL","robots":{"index":"index","follow":"follow","max-snippet":"max-snippet:-1","max-image-preview":"max-image-preview:large","max-video-preview":"max-video-preview:-1"},"canonical":"https:\/\/ec4rural.webs.uvigo.gal\/gl\/entrimo\/","og_locale":"gl_ES","og_type":"article","og_title":"Entrimo - EC4RURAL","og_url":"https:\/\/ec4rural.webs.uvigo.gal\/gl\/entrimo\/","og_site_name":"EC4RURAL","article_modified_time":"2024-07-05T12:50:04+00:00","twitter_card":"summary_large_image","twitter_misc":{"Tempo de lectura":"4 minutos"},"schema":{"@context":"https:\/\/schema.org","@graph":[{"@type":"WebPage","@id":"https:\/\/ec4rural.webs.uvigo.gal\/gl\/entrimo\/","url":"https:\/\/ec4rural.webs.uvigo.gal\/gl\/entrimo\/","name":"Entrimo - EC4RURAL","isPartOf":{"@id":"https:\/\/ec4rural.webs.uvigo.gal\/gl\/#website"},"datePublished":"2024-04-29T04:00:19+00:00","dateModified":"2024-07-05T12:50:04+00:00","breadcrumb":{"@id":"https:\/\/ec4rural.webs.uvigo.gal\/gl\/entrimo\/#breadcrumb"},"inLanguage":"gl-ES","potentialAction":[{"@type":"ReadAction","target":["https:\/\/ec4rural.webs.uvigo.gal\/gl\/entrimo\/"]}]},{"@type":"BreadcrumbList","@id":"https:\/\/ec4rural.webs.uvigo.gal\/gl\/entrimo\/#breadcrumb","itemListElement":[{"@type":"ListItem","position":1,"name":"Portada","item":"https:\/\/ec4rural.webs.uvigo.gal\/gl\/"},{"@type":"ListItem","position":2,"name":"Entrimo"}]},{"@type":"WebSite","@id":"https:\/\/ec4rural.webs.uvigo.gal\/gl\/#website","url":"https:\/\/ec4rural.webs.uvigo.gal\/gl\/","name":"EC4RURAL","description":"","potentialAction":[{"@type":"SearchAction","target":{"@type":"EntryPoint","urlTemplate":"https:\/\/ec4rural.webs.uvigo.gal\/gl\/?s={search_term_string}"},"query-input":{"@type":"PropertyValueSpecification","valueRequired":true,"valueName":"search_term_string"}}],"inLanguage":"gl-ES"}]}},"_links":{"self":[{"href":"https:\/\/ec4rural.webs.uvigo.gal\/gl\/wp-json\/wp\/v2\/pages\/2691"}],"collection":[{"href":"https:\/\/ec4rural.webs.uvigo.gal\/gl\/wp-json\/wp\/v2\/pages"}],"about":[{"href":"https:\/\/ec4rural.webs.uvigo.gal\/gl\/wp-json\/wp\/v2\/types\/page"}],"author":[{"embeddable":true,"href":"https:\/\/ec4rural.webs.uvigo.gal\/gl\/wp-json\/wp\/v2\/users\/1"}],"replies":[{"embeddable":true,"href":"https:\/\/ec4rural.webs.uvigo.gal\/gl\/wp-json\/wp\/v2\/comments?post=2691"}],"version-history":[{"count":23,"href":"https:\/\/ec4rural.webs.uvigo.gal\/gl\/wp-json\/wp\/v2\/pages\/2691\/revisions"}],"predecessor-version":[{"id":3434,"href":"https:\/\/ec4rural.webs.uvigo.gal\/gl\/wp-json\/wp\/v2\/pages\/2691\/revisions\/3434"}],"wp:attachment":[{"href":"https:\/\/ec4rural.webs.uvigo.gal\/gl\/wp-json\/wp\/v2\/media?parent=2691"}],"curies":[{"name":"wp","href":"https:\/\/api.w.org\/{rel}","templated":true}]}}