{"id":1173,"date":"2024-02-25T20:49:55","date_gmt":"2024-02-25T19:49:55","guid":{"rendered":"https:\/\/ec4rural.webs.uvigo.gal\/tooriistad\/"},"modified":"2024-03-09T02:34:54","modified_gmt":"2024-03-09T01:34:54","slug":"tooriistad","status":"publish","type":"page","link":"https:\/\/ec4rural.webs.uvigo.gal\/et\/tooriistad\/","title":{"rendered":"T\u00f6\u00f6riistad"},"content":{"rendered":"<p><div class=\"fusion-fullwidth fullwidth-box fusion-builder-row-1 fusion-flex-container has-pattern-background has-mask-background nonhundred-percent-fullwidth non-hundred-percent-height-scrolling\" style=\"--awb-border-radius-top-left:0px;--awb-border-radius-top-right:0px;--awb-border-radius-bottom-right:0px;--awb-border-radius-bottom-left:0px;--awb-margin-top:50x;--awb-flex-wrap:wrap;\" ><div class=\"fusion-builder-row fusion-row fusion-flex-align-items-flex-start fusion-flex-content-wrap\" style=\"max-width:1248px;margin-left: calc(-4% \/ 2 );margin-right: calc(-4% \/ 2 );\"><div class=\"fusion-layout-column fusion_builder_column fusion-builder-column-0 fusion_builder_column_1_1 1_1 fusion-flex-column\" style=\"--awb-bg-size:cover;--awb-width-large:100%;--awb-margin-top-large:50px;--awb-spacing-right-large:1.92%;--awb-margin-bottom-large:20px;--awb-spacing-left-large:1.92%;--awb-width-medium:100%;--awb-order-medium:0;--awb-spacing-right-medium:1.92%;--awb-spacing-left-medium:1.92%;--awb-width-small:100%;--awb-order-small:0;--awb-spacing-right-small:1.92%;--awb-spacing-left-small:1.92%;\"><div class=\"fusion-column-wrapper fusion-column-has-shadow fusion-flex-justify-content-flex-start fusion-content-layout-column\"><div class=\"fusion-text fusion-text-1\" style=\"--awb-text-font-family:&quot;Montserrat&quot;;--awb-text-font-style:normal;--awb-text-font-weight:300;\"><h2>T\u00f6\u00f6riistad<\/h2>\n<\/div><div class=\"fusion-separator\" style=\"align-self: flex-start;margin-right:auto;margin-top:-40px;width:100%;max-width:300px;\"><div class=\"fusion-separator-border sep-single sep-solid\" style=\"--awb-height:20px;--awb-amount:20px;--awb-sep-color:#9cda74;border-color:#9cda74;border-top-width:1px;\"><\/div><\/div><\/div><\/div><\/div><\/div><div class=\"fusion-fullwidth fullwidth-box fusion-builder-row-2 fusion-flex-container has-pattern-background has-mask-background nonhundred-percent-fullwidth non-hundred-percent-height-scrolling\" style=\"--awb-border-radius-top-left:0px;--awb-border-radius-top-right:0px;--awb-border-radius-bottom-right:0px;--awb-border-radius-bottom-left:0px;--awb-flex-wrap:wrap;\" ><div class=\"fusion-builder-row fusion-row fusion-flex-align-items-stretch fusion-flex-content-wrap\" style=\"max-width:1248px;margin-left: calc(-4% \/ 2 );margin-right: calc(-4% \/ 2 );\"><div class=\"fusion-layout-column fusion_builder_column fusion-builder-column-1 fusion_builder_column_3_4 3_4 fusion-flex-column\" style=\"--awb-bg-size:cover;--awb-width-large:75%;--awb-margin-top-large:50px;--awb-spacing-right-large:2.56%;--awb-margin-bottom-large:20px;--awb-spacing-left-large:2.56%;--awb-width-medium:75%;--awb-order-medium:0;--awb-spacing-right-medium:2.56%;--awb-spacing-left-medium:2.56%;--awb-width-small:100%;--awb-order-small:0;--awb-spacing-right-small:1.92%;--awb-spacing-left-small:1.92%;\"><div class=\"fusion-column-wrapper fusion-column-has-shadow fusion-flex-justify-content-flex-start fusion-content-layout-column\"><div class=\"fusion-text fusion-text-2\"><p>ISelles jaotises tutvustame praktilisemat laadi ressursse, mis on kogukondadele kasulikud taastuvenergiale \u00fclemineku edendamiseks maapiirkondades. Siit leiate erinevaid juhendeid ja teavet maapiirkondade energiakogukondade loomise toetamiseks.<\/p>\n<p>See teave on jagatud j\u00e4rgmisteks osadeks:<\/p>\n<ul>\n<li>Metoodika kohaliku energiakasutuse anal\u00fc\u00fcsi l\u00e4biviimiseks.<\/li>\n<li>Juhised, uudiskirjad ja infotunnid<\/li>\n<li>Poliitikasoovitused<\/li>\n<\/ul>\n<\/div><\/div><\/div><div class=\"fusion-layout-column fusion_builder_column fusion-builder-column-2 fusion_builder_column_1_4 1_4 fusion-flex-column fusion-no-small-visibility\" style=\"--awb-bg-size:cover;--awb-width-large:25%;--awb-margin-top-large:50px;--awb-spacing-right-large:7.68%;--awb-margin-bottom-large:20px;--awb-spacing-left-large:7.68%;--awb-width-medium:25%;--awb-order-medium:0;--awb-spacing-right-medium:7.68%;--awb-spacing-left-medium:7.68%;--awb-width-small:100%;--awb-order-small:0;--awb-spacing-right-small:1.92%;--awb-spacing-left-small:1.92%;\"><div class=\"fusion-column-wrapper fusion-column-has-shadow fusion-flex-justify-content-center fusion-content-layout-column\"><div class=\"fusion-image-element \" style=\"text-align:center;--awb-caption-title-font-family:var(--h2_typography-font-family);--awb-caption-title-font-weight:var(--h2_typography-font-weight);--awb-caption-title-font-style:var(--h2_typography-font-style);--awb-caption-title-size:var(--h2_typography-font-size);--awb-caption-title-transform:var(--h2_typography-text-transform);--awb-caption-title-line-height:var(--h2_typography-line-height);--awb-caption-title-letter-spacing:var(--h2_typography-letter-spacing);\"><span class=\" fusion-imageframe imageframe-none imageframe-1 hover-type-none\"><img decoding=\"async\" width=\"300\" height=\"300\" title=\"TOOLKIT\" src=\"https:\/\/ec4rural.webs.uvigo.gal\/wp-content\/uploads\/2024\/02\/TOOLKIT-300x300.png\" alt class=\"img-responsive wp-image-817\" srcset=\"https:\/\/ec4rural.webs.uvigo.gal\/wp-content\/uploads\/2024\/02\/TOOLKIT-200x200.png 200w, https:\/\/ec4rural.webs.uvigo.gal\/wp-content\/uploads\/2024\/02\/TOOLKIT-400x400.png 400w, https:\/\/ec4rural.webs.uvigo.gal\/wp-content\/uploads\/2024\/02\/TOOLKIT-600x600.png 600w, https:\/\/ec4rural.webs.uvigo.gal\/wp-content\/uploads\/2024\/02\/TOOLKIT-800x800.png 800w, https:\/\/ec4rural.webs.uvigo.gal\/wp-content\/uploads\/2024\/02\/TOOLKIT-1200x1200.png 1200w, https:\/\/ec4rural.webs.uvigo.gal\/wp-content\/uploads\/2024\/02\/TOOLKIT.png 1263w\" sizes=\"(max-width: 640px) 100vw, 400px\" \/><\/span><\/div><\/div><\/div><div class=\"fusion-layout-column fusion_builder_column fusion-builder-column-3 fusion_builder_column_1_5 1_5 fusion-flex-column fusion-no-medium-visibility fusion-no-large-visibility\" style=\"--awb-bg-size:cover;--awb-width-large:20%;--awb-margin-top-large:50px;--awb-spacing-right-large:9.6%;--awb-margin-bottom-large:20px;--awb-spacing-left-large:9.6%;--awb-width-medium:20%;--awb-order-medium:0;--awb-spacing-right-medium:9.6%;--awb-spacing-left-medium:9.6%;--awb-width-small:100%;--awb-order-small:0;--awb-margin-top-small:0;--awb-spacing-right-small:1.92%;--awb-spacing-left-small:1.92%;\"><div class=\"fusion-column-wrapper fusion-column-has-shadow fusion-flex-justify-content-flex-start fusion-content-layout-column\"><div class=\"fusion-image-element sm-text-align-center\" style=\"--awb-max-width:300px;--awb-caption-title-font-family:var(--h2_typography-font-family);--awb-caption-title-font-weight:var(--h2_typography-font-weight);--awb-caption-title-font-style:var(--h2_typography-font-style);--awb-caption-title-size:var(--h2_typography-font-size);--awb-caption-title-transform:var(--h2_typography-text-transform);--awb-caption-title-line-height:var(--h2_typography-line-height);--awb-caption-title-letter-spacing:var(--h2_typography-letter-spacing);\"><span class=\" fusion-imageframe imageframe-none imageframe-2 hover-type-none\"><img decoding=\"async\" width=\"200\" height=\"200\" title=\"TOOLKIT\" src=\"https:\/\/ec4rural.webs.uvigo.gal\/wp-content\/uploads\/2024\/02\/TOOLKIT-200x200.png\" alt class=\"img-responsive wp-image-817\" srcset=\"https:\/\/ec4rural.webs.uvigo.gal\/wp-content\/uploads\/2024\/02\/TOOLKIT-200x200.png 200w, https:\/\/ec4rural.webs.uvigo.gal\/wp-content\/uploads\/2024\/02\/TOOLKIT-400x400.png 400w, https:\/\/ec4rural.webs.uvigo.gal\/wp-content\/uploads\/2024\/02\/TOOLKIT-600x600.png 600w, https:\/\/ec4rural.webs.uvigo.gal\/wp-content\/uploads\/2024\/02\/TOOLKIT-800x800.png 800w, https:\/\/ec4rural.webs.uvigo.gal\/wp-content\/uploads\/2024\/02\/TOOLKIT-1200x1200.png 1200w, https:\/\/ec4rural.webs.uvigo.gal\/wp-content\/uploads\/2024\/02\/TOOLKIT.png 1263w\" sizes=\"(max-width: 640px) 100vw, 200px\" \/><\/span><\/div><\/div><\/div><\/div><\/div><div class=\"fusion-fullwidth fullwidth-box fusion-builder-row-3 fusion-flex-container has-pattern-background has-mask-background nonhundred-percent-fullwidth non-hundred-percent-height-scrolling\" style=\"--awb-border-radius-top-left:0px;--awb-border-radius-top-right:0px;--awb-border-radius-bottom-right:0px;--awb-border-radius-bottom-left:0px;--awb-flex-wrap:wrap;\" ><div class=\"fusion-builder-row fusion-row fusion-flex-align-items-flex-start fusion-flex-content-wrap\" style=\"max-width:1248px;margin-left: calc(-4% \/ 2 );margin-right: calc(-4% \/ 2 );\"><div class=\"fusion-layout-column fusion_builder_column fusion-builder-column-4 fusion_builder_column_1_1 1_1 fusion-flex-column\" style=\"--awb-bg-size:cover;--awb-width-large:100%;--awb-margin-top-large:0px;--awb-spacing-right-large:1.92%;--awb-margin-bottom-large:20px;--awb-spacing-left-large:1.92%;--awb-width-medium:100%;--awb-order-medium:0;--awb-spacing-right-medium:1.92%;--awb-spacing-left-medium:1.92%;--awb-width-small:100%;--awb-order-small:0;--awb-spacing-right-small:1.92%;--awb-spacing-left-small:1.92%;\"><div class=\"fusion-column-wrapper fusion-column-has-shadow fusion-flex-justify-content-flex-start fusion-content-layout-column\"><div class=\"fusion-text fusion-text-3\"><h4 style=\"text-align: center;\">Saate neid alla laadida, kui need muutuvad k\u00e4ttesaadavaks.<\/h4>\n<\/div><\/div><\/div><\/div><\/div><\/p>\n","protected":false},"excerpt":{"rendered":"","protected":false},"author":1,"featured_media":0,"parent":0,"menu_order":0,"comment_status":"closed","ping_status":"closed","template":"100-width.php","meta":{"footnotes":""},"yoast_head":"<!-- This site is optimized with the Yoast SEO plugin v23.8 - https:\/\/yoast.com\/wordpress\/plugins\/seo\/ -->\n<title>T\u00f6\u00f6riistad - EC4RURAL<\/title>\n<meta name=\"robots\" content=\"index, follow, max-snippet:-1, max-image-preview:large, max-video-preview:-1\" \/>\n<link rel=\"canonical\" href=\"https:\/\/ec4rural.webs.uvigo.gal\/et\/tooriistad\/\" \/>\n<meta property=\"og:locale\" content=\"et_EE\" \/>\n<meta property=\"og:type\" content=\"article\" \/>\n<meta property=\"og:title\" content=\"T\u00f6\u00f6riistad - EC4RURAL\" \/>\n<meta property=\"og:url\" content=\"https:\/\/ec4rural.webs.uvigo.gal\/et\/tooriistad\/\" \/>\n<meta property=\"og:site_name\" content=\"EC4RURAL\" \/>\n<meta property=\"article:modified_time\" content=\"2024-03-09T01:34:54+00:00\" \/>\n<meta name=\"twitter:card\" content=\"summary_large_image\" \/>\n<meta name=\"twitter:label1\" content=\"Est. reading time\" \/>\n\t<meta name=\"twitter:data1\" content=\"15 minutit\" \/>\n<script type=\"application\/ld+json\" class=\"yoast-schema-graph\">{\"@context\":\"https:\/\/schema.org\",\"@graph\":[{\"@type\":\"WebPage\",\"@id\":\"https:\/\/ec4rural.webs.uvigo.gal\/et\/tooriistad\/\",\"url\":\"https:\/\/ec4rural.webs.uvigo.gal\/et\/tooriistad\/\",\"name\":\"T\u00f6\u00f6riistad - EC4RURAL\",\"isPartOf\":{\"@id\":\"https:\/\/ec4rural.webs.uvigo.gal\/et\/#website\"},\"datePublished\":\"2024-02-25T19:49:55+00:00\",\"dateModified\":\"2024-03-09T01:34:54+00:00\",\"breadcrumb\":{\"@id\":\"https:\/\/ec4rural.webs.uvigo.gal\/et\/tooriistad\/#breadcrumb\"},\"inLanguage\":\"et\",\"potentialAction\":[{\"@type\":\"ReadAction\",\"target\":[\"https:\/\/ec4rural.webs.uvigo.gal\/et\/tooriistad\/\"]}]},{\"@type\":\"BreadcrumbList\",\"@id\":\"https:\/\/ec4rural.webs.uvigo.gal\/et\/tooriistad\/#breadcrumb\",\"itemListElement\":[{\"@type\":\"ListItem\",\"position\":1,\"name\":\"Portada\",\"item\":\"https:\/\/ec4rural.webs.uvigo.gal\/et\/\"},{\"@type\":\"ListItem\",\"position\":2,\"name\":\"T\u00f6\u00f6riistad\"}]},{\"@type\":\"WebSite\",\"@id\":\"https:\/\/ec4rural.webs.uvigo.gal\/et\/#website\",\"url\":\"https:\/\/ec4rural.webs.uvigo.gal\/et\/\",\"name\":\"EC4RURAL\",\"description\":\"\",\"potentialAction\":[{\"@type\":\"SearchAction\",\"target\":{\"@type\":\"EntryPoint\",\"urlTemplate\":\"https:\/\/ec4rural.webs.uvigo.gal\/et\/?s={search_term_string}\"},\"query-input\":{\"@type\":\"PropertyValueSpecification\",\"valueRequired\":true,\"valueName\":\"search_term_string\"}}],\"inLanguage\":\"et\"}]}<\/script>\n<!-- \/ Yoast SEO plugin. -->","yoast_head_json":{"title":"T\u00f6\u00f6riistad - EC4RURAL","robots":{"index":"index","follow":"follow","max-snippet":"max-snippet:-1","max-image-preview":"max-image-preview:large","max-video-preview":"max-video-preview:-1"},"canonical":"https:\/\/ec4rural.webs.uvigo.gal\/et\/tooriistad\/","og_locale":"et_EE","og_type":"article","og_title":"T\u00f6\u00f6riistad - EC4RURAL","og_url":"https:\/\/ec4rural.webs.uvigo.gal\/et\/tooriistad\/","og_site_name":"EC4RURAL","article_modified_time":"2024-03-09T01:34:54+00:00","twitter_card":"summary_large_image","twitter_misc":{"Est. reading time":"15 minutit"},"schema":{"@context":"https:\/\/schema.org","@graph":[{"@type":"WebPage","@id":"https:\/\/ec4rural.webs.uvigo.gal\/et\/tooriistad\/","url":"https:\/\/ec4rural.webs.uvigo.gal\/et\/tooriistad\/","name":"T\u00f6\u00f6riistad - EC4RURAL","isPartOf":{"@id":"https:\/\/ec4rural.webs.uvigo.gal\/et\/#website"},"datePublished":"2024-02-25T19:49:55+00:00","dateModified":"2024-03-09T01:34:54+00:00","breadcrumb":{"@id":"https:\/\/ec4rural.webs.uvigo.gal\/et\/tooriistad\/#breadcrumb"},"inLanguage":"et","potentialAction":[{"@type":"ReadAction","target":["https:\/\/ec4rural.webs.uvigo.gal\/et\/tooriistad\/"]}]},{"@type":"BreadcrumbList","@id":"https:\/\/ec4rural.webs.uvigo.gal\/et\/tooriistad\/#breadcrumb","itemListElement":[{"@type":"ListItem","position":1,"name":"Portada","item":"https:\/\/ec4rural.webs.uvigo.gal\/et\/"},{"@type":"ListItem","position":2,"name":"T\u00f6\u00f6riistad"}]},{"@type":"WebSite","@id":"https:\/\/ec4rural.webs.uvigo.gal\/et\/#website","url":"https:\/\/ec4rural.webs.uvigo.gal\/et\/","name":"EC4RURAL","description":"","potentialAction":[{"@type":"SearchAction","target":{"@type":"EntryPoint","urlTemplate":"https:\/\/ec4rural.webs.uvigo.gal\/et\/?s={search_term_string}"},"query-input":{"@type":"PropertyValueSpecification","valueRequired":true,"valueName":"search_term_string"}}],"inLanguage":"et"}]}},"_links":{"self":[{"href":"https:\/\/ec4rural.webs.uvigo.gal\/et\/wp-json\/wp\/v2\/pages\/1173"}],"collection":[{"href":"https:\/\/ec4rural.webs.uvigo.gal\/et\/wp-json\/wp\/v2\/pages"}],"about":[{"href":"https:\/\/ec4rural.webs.uvigo.gal\/et\/wp-json\/wp\/v2\/types\/page"}],"author":[{"embeddable":true,"href":"https:\/\/ec4rural.webs.uvigo.gal\/et\/wp-json\/wp\/v2\/users\/1"}],"replies":[{"embeddable":true,"href":"https:\/\/ec4rural.webs.uvigo.gal\/et\/wp-json\/wp\/v2\/comments?post=1173"}],"version-history":[{"count":5,"href":"https:\/\/ec4rural.webs.uvigo.gal\/et\/wp-json\/wp\/v2\/pages\/1173\/revisions"}],"predecessor-version":[{"id":1179,"href":"https:\/\/ec4rural.webs.uvigo.gal\/et\/wp-json\/wp\/v2\/pages\/1173\/revisions\/1179"}],"wp:attachment":[{"href":"https:\/\/ec4rural.webs.uvigo.gal\/et\/wp-json\/wp\/v2\/media?parent=1173"}],"curies":[{"name":"wp","href":"https:\/\/api.w.org\/{rel}","templated":true}]}}