{"id":1158,"date":"2024-02-25T18:21:28","date_gmt":"2024-02-25T17:21:28","guid":{"rendered":"https:\/\/ec4rural.webs.uvigo.gal\/kontakt\/"},"modified":"2024-03-09T02:18:27","modified_gmt":"2024-03-09T01:18:27","slug":"kontakt","status":"publish","type":"page","link":"https:\/\/ec4rural.webs.uvigo.gal\/et\/kontakt\/","title":{"rendered":"Kontakt"},"content":{"rendered":"<p><div class=\"fusion-fullwidth fullwidth-box fusion-builder-row-1 fusion-flex-container has-pattern-background has-mask-background nonhundred-percent-fullwidth non-hundred-percent-height-scrolling\" style=\"--awb-border-radius-top-left:0px;--awb-border-radius-top-right:0px;--awb-border-radius-bottom-right:0px;--awb-border-radius-bottom-left:0px;--awb-flex-wrap:wrap;\" ><div class=\"fusion-builder-row fusion-row fusion-flex-align-items-flex-start fusion-flex-content-wrap\" style=\"max-width:1248px;margin-left: calc(-4% \/ 2 );margin-right: calc(-4% \/ 2 );\"><div class=\"fusion-layout-column fusion_builder_column fusion-builder-column-0 fusion_builder_column_1_1 1_1 fusion-flex-column\" style=\"--awb-bg-size:cover;--awb-width-large:100%;--awb-margin-top-large:50px;--awb-spacing-right-large:1.92%;--awb-margin-bottom-large:20px;--awb-spacing-left-large:1.92%;--awb-width-medium:100%;--awb-order-medium:0;--awb-spacing-right-medium:1.92%;--awb-spacing-left-medium:1.92%;--awb-width-small:100%;--awb-order-small:0;--awb-spacing-right-small:1.92%;--awb-spacing-left-small:1.92%;\"><div class=\"fusion-column-wrapper fusion-column-has-shadow fusion-flex-justify-content-flex-start fusion-content-layout-column\"><div class=\"fusion-text fusion-text-1\" style=\"--awb-text-font-family:&quot;Montserrat&quot;;--awb-text-font-style:normal;--awb-text-font-weight:300;\"><h2>Kontakt<\/h2>\n<\/div><div class=\"fusion-separator\" style=\"align-self: flex-start;margin-right:auto;margin-top:-40px;width:100%;max-width:300px;\"><div class=\"fusion-separator-border sep-single sep-solid\" style=\"--awb-height:20px;--awb-amount:20px;--awb-sep-color:#9cda74;border-color:#9cda74;border-top-width:1px;\"><\/div><\/div><\/div><\/div><div class=\"fusion-layout-column fusion_builder_column fusion-builder-column-1 fusion_builder_column_1_2 1_2 fusion-flex-column\" style=\"--awb-padding-top:40px;--awb-bg-size:cover;--awb-width-large:50%;--awb-margin-top-large:0px;--awb-spacing-right-large:3.84%;--awb-margin-bottom-large:20px;--awb-spacing-left-large:3.84%;--awb-width-medium:50%;--awb-order-medium:0;--awb-spacing-right-medium:3.84%;--awb-spacing-left-medium:3.84%;--awb-width-small:100%;--awb-order-small:0;--awb-spacing-right-small:1.92%;--awb-spacing-left-small:1.92%;\"><div class=\"fusion-column-wrapper fusion-column-has-shadow fusion-flex-justify-content-flex-start fusion-content-layout-column\"><div class=\"fusion-text fusion-text-2\"><p>Kui teil on projekti kohta k\u00fcsimusi, v\u00f5ite saata meile e-kirja aadressil <a href=\"mailto:info.ec4rural@uvigo.gal\">info.ec4rural@uvigo.gal<\/a><\/p>\n<\/div><div class=\"fusion-text fusion-text-3\"><p>Projekti kommunikatsiooni puudutavate k\u00fcsimuste korral saatke e-kiri aadressil <a href=\"mailto:communication.ec4rural@uvigo.gal\">communication.ec4rural@uvigo.gal<\/a><\/p>\n<\/div><\/div><\/div><div class=\"fusion-layout-column fusion_builder_column fusion-builder-column-2 fusion_builder_column_1_2 1_2 fusion-flex-column fusion-no-small-visibility\" style=\"--awb-bg-size:cover;--awb-width-large:50%;--awb-margin-top-large:0px;--awb-spacing-right-large:3.84%;--awb-margin-bottom-large:20px;--awb-spacing-left-large:3.84%;--awb-width-medium:50%;--awb-order-medium:0;--awb-spacing-right-medium:3.84%;--awb-spacing-left-medium:3.84%;--awb-width-small:100%;--awb-order-small:0;--awb-spacing-right-small:1.92%;--awb-spacing-left-small:1.92%;\"><div class=\"fusion-column-wrapper fusion-column-has-shadow fusion-flex-justify-content-flex-start fusion-content-layout-column\"><iframe style=\"border: 0;\" src=\"https:\/\/www.google.com\/maps\/embed?pb=!1m14!1m12!1m3!1d1973.5759615107395!2d-8.679658579369564!3d42.17119409723766!2m3!1f0!2f0!3f0!3m2!1i1024!2i768!4f13.1!5e0!3m2!1ses!2ses!4v1708890908282!5m2!1ses!2ses\" width=\"550\" height=\"350\" allowfullscreen=\"allowfullscreen\"><\/iframe><\/div><\/div><div class=\"fusion-layout-column fusion_builder_column fusion-builder-column-3 fusion_builder_column_1_2 1_2 fusion-flex-column fusion-no-medium-visibility fusion-no-large-visibility\" style=\"--awb-bg-size:cover;--awb-width-large:50%;--awb-margin-top-large:0px;--awb-spacing-right-large:3.84%;--awb-margin-bottom-large:20px;--awb-spacing-left-large:3.84%;--awb-width-medium:50%;--awb-order-medium:0;--awb-spacing-right-medium:3.84%;--awb-spacing-left-medium:3.84%;--awb-width-small:100%;--awb-order-small:0;--awb-spacing-right-small:1.92%;--awb-spacing-left-small:1.92%;\"><div class=\"fusion-column-wrapper fusion-column-has-shadow fusion-flex-justify-content-center fusion-content-layout-row\"><iframe style=\"border: 0;\" src=\"https:\/\/www.google.com\/maps\/embed?pb=!1m14!1m12!1m3!1d1973.5759615107395!2d-8.679658579369564!3d42.17119409723766!2m3!1f0!2f0!3f0!3m2!1i1024!2i768!4f13.1!5e0!3m2!1ses!2ses!4v1708890908282!5m2!1ses!2ses\" width=\"350\" height=\"350\" allowfullscreen=\"allowfullscreen\"><\/iframe><\/div><\/div><\/div><\/div><div class=\"fusion-fullwidth fullwidth-box fusion-builder-row-2 fusion-flex-container has-pattern-background has-mask-background nonhundred-percent-fullwidth non-hundred-percent-height-scrolling\" style=\"--awb-border-radius-top-left:0px;--awb-border-radius-top-right:0px;--awb-border-radius-bottom-right:0px;--awb-border-radius-bottom-left:0px;--awb-flex-wrap:wrap;\" ><div class=\"fusion-builder-row fusion-row fusion-flex-align-items-flex-start fusion-flex-content-wrap\" style=\"max-width:1248px;margin-left: calc(-4% \/ 2 );margin-right: calc(-4% \/ 2 );\"><div class=\"fusion-layout-column fusion_builder_column fusion-builder-column-4 fusion_builder_column_2_3 2_3 fusion-flex-column\" style=\"--awb-bg-size:cover;--awb-width-large:66.666666666667%;--awb-margin-top-large:0px;--awb-spacing-right-large:2.88%;--awb-margin-bottom-large:20px;--awb-spacing-left-large:2.88%;--awb-width-medium:66.666666666667%;--awb-order-medium:0;--awb-spacing-right-medium:2.88%;--awb-spacing-left-medium:2.88%;--awb-width-small:100%;--awb-order-small:0;--awb-spacing-right-small:1.92%;--awb-spacing-left-small:1.92%;\"><div class=\"fusion-column-wrapper fusion-column-has-shadow fusion-flex-justify-content-flex-start fusion-content-layout-column\"><div class=\"fusion-text fusion-text-4\"><p>Samuti saate meiega \u00fchendust v\u00f5tta j\u00e4rgmise vormi kaudu:<\/p>\n<\/div><div class=\"fusion-form fusion-form-builder fusion-form-form-wrapper fusion-form-1163\" style=\"--awb-tooltip-text-color:#ffffff;--awb-tooltip-background-color:#333333;--awb-form-placeholder-color:#42c600;--awb-form-text-color:#42c600;--awb-form-label-color:#42c600;--awb-form-border-color:#9cda74;--awb-form-focus-border-color:#73d82f;--awb-form-focus-border-hover-color:rgba(115,216,47,0.5);--awb-form-border-radius:0px;\" data-form-id=\"1163\" data-config=\"{&quot;form_id&quot;:1163,&quot;form_post_id&quot;:1163,&quot;post_id&quot;:1158,&quot;form_type&quot;:&quot;ajax&quot;,&quot;confirmation_type&quot;:&quot;message&quot;,&quot;redirect_url&quot;:&quot;&quot;,&quot;field_labels&quot;:{&quot;name&quot;:&quot;&quot;,&quot;subject&quot;:&quot;&quot;,&quot;&quot;:&quot;&quot;,&quot;i_accept_the_provacy_policy_&quot;:&quot;&quot;},&quot;field_logics&quot;:{&quot;name&quot;:&quot;&quot;,&quot;subject&quot;:&quot;&quot;,&quot;&quot;:&quot;&quot;,&quot;i_accept_the_provacy_policy_&quot;:&quot;&quot;},&quot;field_types&quot;:{&quot;name&quot;:&quot;text&quot;,&quot;subject&quot;:&quot;text&quot;,&quot;&quot;:&quot;textarea&quot;,&quot;i_accept_the_provacy_policy_&quot;:&quot;consent&quot;,&quot;submit_1&quot;:&quot;submit&quot;},&quot;nonce_method&quot;:&quot;ajax&quot;}\"><form action=\"https:\/\/ec4rural.webs.uvigo.gal\/et\/kontakt\/\" method=\"post\" class=\"fusion-form fusion-form-1163\"><div class=\"fusion-fullwidth fullwidth-box fusion-builder-row-2-1 fusion-flex-container has-pattern-background has-mask-background nonhundred-percent-fullwidth non-hundred-percent-height-scrolling\" style=\"--awb-border-radius-top-left:0px;--awb-border-radius-top-right:0px;--awb-border-radius-bottom-right:0px;--awb-border-radius-bottom-left:0px;--awb-flex-wrap:wrap;\" ><div class=\"fusion-builder-row fusion-row fusion-flex-align-items-flex-start fusion-flex-content-wrap\" style=\"width:104% !important;max-width:104% !important;margin-left: calc(-4% \/ 2 );margin-right: calc(-4% \/ 2 );\"><div class=\"fusion-layout-column fusion_builder_column fusion-builder-column-5 fusion_builder_column_1_1 1_1 fusion-flex-column\" style=\"--awb-bg-size:cover;--awb-width-large:100%;--awb-margin-top-large:0px;--awb-spacing-right-large:1.92%;--awb-margin-bottom-large:20px;--awb-spacing-left-large:1.92%;--awb-width-medium:100%;--awb-order-medium:0;--awb-spacing-right-medium:1.92%;--awb-spacing-left-medium:1.92%;--awb-width-small:100%;--awb-order-small:0;--awb-spacing-right-small:1.92%;--awb-spacing-left-small:1.92%;\"><div class=\"fusion-column-wrapper fusion-column-has-shadow fusion-flex-justify-content-flex-start fusion-content-layout-column\"><div class=\"fusion-form-field fusion-form-text-field fusion-form-label-above\" style=\"\" data-form-id=\"1163\"><input type=\"text\" name=\"name\" id=\"name\" value=\"\"  class=\"fusion-form-input\" required=\"true\" aria-required=\"true\" placeholder=\"Nimi*\" data-holds-private-data=\"false\" minlength=\"0\"\/><\/div><div class=\"fusion-form-field fusion-form-text-field fusion-form-label-above\" style=\"\" data-form-id=\"1163\"><input type=\"text\" name=\"subject\" id=\"subject\" value=\"\"  class=\"fusion-form-input\" required=\"true\" aria-required=\"true\" placeholder=\"Teema*\" data-holds-private-data=\"false\" minlength=\"0\"\/><\/div><div class=\"fusion-form-field fusion-form-email-field fusion-form-label-above\" style=\"\" data-form-id=\"1163\"><input type=\"email\" name=\"\" id=\"\" value=\"\"  class=\"fusion-form-input\" required=\"true\" aria-required=\"true\" placeholder=\"E-posti aadress*\" data-holds-private-data=\"false\"\/><\/div><div class=\"fusion-form-field fusion-form-textarea-field fusion-form-label-above\" style=\"\" data-form-id=\"1163\"><textarea cols=\"40\"  minlength=\"0\"  rows=\"2\" tabindex=\"\" id=\"\" name=\"\" class=\"fusion-form-input\" required=\"true\" aria-required=\"true\" placeholder=\"S\u00f5num*\" data-holds-private-data=\"false\"><\/textarea><\/div><div class=\"fusion-form-field fusion-form-consent-field fusion-form-label-above\" style=\"\" data-form-id=\"1163\"><div class=\"fusion-form-checkbox option-inline\"><input tabindex=\"\" id=\"i_accept_the_provacy_policy_\" type=\"checkbox\" value=\"1\" name=\"i_accept_the_provacy_policy_\" class=\"fusion-form-input\" required=\"true\" aria-required=\"true\"\/><label for=\"i_accept_the_provacy_policy_\">Ma n\u00f5ustun privaatsuspoliitikaga.<\/label><\/div><\/div><div class=\"fusion-form-field fusion-form-submit-field fusion-form-label-above\" style=\"\" data-form-id=\"1163\"><div style=\"text-align:right;\"><button type=\"submit\" class=\"fusion-button button-flat fusion-button-default-size button-default fusion-button-default button-1 fusion-button-default-span  form-form-submit button-default\" data-form-number=\"1163\" tabindex=\"\"><span class=\"fusion-button-text\">Esita<\/span><\/button><\/div><\/div><\/div><\/div><\/div><\/div><\/form><\/div><\/div><\/div><\/div><\/div><\/p>\n","protected":false},"excerpt":{"rendered":"","protected":false},"author":1,"featured_media":0,"parent":0,"menu_order":0,"comment_status":"closed","ping_status":"closed","template":"100-width.php","meta":{"footnotes":""},"yoast_head":"<!-- This site is optimized with the Yoast SEO plugin v23.8 - https:\/\/yoast.com\/wordpress\/plugins\/seo\/ -->\n<title>Kontakt - EC4RURAL<\/title>\n<meta name=\"robots\" content=\"index, follow, max-snippet:-1, max-image-preview:large, max-video-preview:-1\" \/>\n<link rel=\"canonical\" href=\"https:\/\/ec4rural.webs.uvigo.gal\/et\/kontakt\/\" \/>\n<meta property=\"og:locale\" content=\"et_EE\" \/>\n<meta property=\"og:type\" content=\"article\" \/>\n<meta property=\"og:title\" content=\"Kontakt - EC4RURAL\" \/>\n<meta property=\"og:url\" content=\"https:\/\/ec4rural.webs.uvigo.gal\/et\/kontakt\/\" \/>\n<meta property=\"og:site_name\" content=\"EC4RURAL\" \/>\n<meta property=\"article:modified_time\" content=\"2024-03-09T01:18:27+00:00\" \/>\n<meta name=\"twitter:card\" content=\"summary_large_image\" \/>\n<meta name=\"twitter:label1\" content=\"Est. reading time\" \/>\n\t<meta name=\"twitter:data1\" content=\"11 minutit\" \/>\n<script type=\"application\/ld+json\" class=\"yoast-schema-graph\">{\"@context\":\"https:\/\/schema.org\",\"@graph\":[{\"@type\":\"WebPage\",\"@id\":\"https:\/\/ec4rural.webs.uvigo.gal\/et\/kontakt\/\",\"url\":\"https:\/\/ec4rural.webs.uvigo.gal\/et\/kontakt\/\",\"name\":\"Kontakt - EC4RURAL\",\"isPartOf\":{\"@id\":\"https:\/\/ec4rural.webs.uvigo.gal\/et\/#website\"},\"datePublished\":\"2024-02-25T17:21:28+00:00\",\"dateModified\":\"2024-03-09T01:18:27+00:00\",\"breadcrumb\":{\"@id\":\"https:\/\/ec4rural.webs.uvigo.gal\/et\/kontakt\/#breadcrumb\"},\"inLanguage\":\"et\",\"potentialAction\":[{\"@type\":\"ReadAction\",\"target\":[\"https:\/\/ec4rural.webs.uvigo.gal\/et\/kontakt\/\"]}]},{\"@type\":\"BreadcrumbList\",\"@id\":\"https:\/\/ec4rural.webs.uvigo.gal\/et\/kontakt\/#breadcrumb\",\"itemListElement\":[{\"@type\":\"ListItem\",\"position\":1,\"name\":\"Portada\",\"item\":\"https:\/\/ec4rural.webs.uvigo.gal\/et\/\"},{\"@type\":\"ListItem\",\"position\":2,\"name\":\"Kontakt\"}]},{\"@type\":\"WebSite\",\"@id\":\"https:\/\/ec4rural.webs.uvigo.gal\/et\/#website\",\"url\":\"https:\/\/ec4rural.webs.uvigo.gal\/et\/\",\"name\":\"EC4RURAL\",\"description\":\"\",\"potentialAction\":[{\"@type\":\"SearchAction\",\"target\":{\"@type\":\"EntryPoint\",\"urlTemplate\":\"https:\/\/ec4rural.webs.uvigo.gal\/et\/?s={search_term_string}\"},\"query-input\":{\"@type\":\"PropertyValueSpecification\",\"valueRequired\":true,\"valueName\":\"search_term_string\"}}],\"inLanguage\":\"et\"}]}<\/script>\n<!-- \/ Yoast SEO plugin. -->","yoast_head_json":{"title":"Kontakt - EC4RURAL","robots":{"index":"index","follow":"follow","max-snippet":"max-snippet:-1","max-image-preview":"max-image-preview:large","max-video-preview":"max-video-preview:-1"},"canonical":"https:\/\/ec4rural.webs.uvigo.gal\/et\/kontakt\/","og_locale":"et_EE","og_type":"article","og_title":"Kontakt - EC4RURAL","og_url":"https:\/\/ec4rural.webs.uvigo.gal\/et\/kontakt\/","og_site_name":"EC4RURAL","article_modified_time":"2024-03-09T01:18:27+00:00","twitter_card":"summary_large_image","twitter_misc":{"Est. reading time":"11 minutit"},"schema":{"@context":"https:\/\/schema.org","@graph":[{"@type":"WebPage","@id":"https:\/\/ec4rural.webs.uvigo.gal\/et\/kontakt\/","url":"https:\/\/ec4rural.webs.uvigo.gal\/et\/kontakt\/","name":"Kontakt - EC4RURAL","isPartOf":{"@id":"https:\/\/ec4rural.webs.uvigo.gal\/et\/#website"},"datePublished":"2024-02-25T17:21:28+00:00","dateModified":"2024-03-09T01:18:27+00:00","breadcrumb":{"@id":"https:\/\/ec4rural.webs.uvigo.gal\/et\/kontakt\/#breadcrumb"},"inLanguage":"et","potentialAction":[{"@type":"ReadAction","target":["https:\/\/ec4rural.webs.uvigo.gal\/et\/kontakt\/"]}]},{"@type":"BreadcrumbList","@id":"https:\/\/ec4rural.webs.uvigo.gal\/et\/kontakt\/#breadcrumb","itemListElement":[{"@type":"ListItem","position":1,"name":"Portada","item":"https:\/\/ec4rural.webs.uvigo.gal\/et\/"},{"@type":"ListItem","position":2,"name":"Kontakt"}]},{"@type":"WebSite","@id":"https:\/\/ec4rural.webs.uvigo.gal\/et\/#website","url":"https:\/\/ec4rural.webs.uvigo.gal\/et\/","name":"EC4RURAL","description":"","potentialAction":[{"@type":"SearchAction","target":{"@type":"EntryPoint","urlTemplate":"https:\/\/ec4rural.webs.uvigo.gal\/et\/?s={search_term_string}"},"query-input":{"@type":"PropertyValueSpecification","valueRequired":true,"valueName":"search_term_string"}}],"inLanguage":"et"}]}},"_links":{"self":[{"href":"https:\/\/ec4rural.webs.uvigo.gal\/et\/wp-json\/wp\/v2\/pages\/1158"}],"collection":[{"href":"https:\/\/ec4rural.webs.uvigo.gal\/et\/wp-json\/wp\/v2\/pages"}],"about":[{"href":"https:\/\/ec4rural.webs.uvigo.gal\/et\/wp-json\/wp\/v2\/types\/page"}],"author":[{"embeddable":true,"href":"https:\/\/ec4rural.webs.uvigo.gal\/et\/wp-json\/wp\/v2\/users\/1"}],"replies":[{"embeddable":true,"href":"https:\/\/ec4rural.webs.uvigo.gal\/et\/wp-json\/wp\/v2\/comments?post=1158"}],"version-history":[{"count":4,"href":"https:\/\/ec4rural.webs.uvigo.gal\/et\/wp-json\/wp\/v2\/pages\/1158\/revisions"}],"predecessor-version":[{"id":1162,"href":"https:\/\/ec4rural.webs.uvigo.gal\/et\/wp-json\/wp\/v2\/pages\/1158\/revisions\/1162"}],"wp:attachment":[{"href":"https:\/\/ec4rural.webs.uvigo.gal\/et\/wp-json\/wp\/v2\/media?parent=1158"}],"curies":[{"name":"wp","href":"https:\/\/api.w.org\/{rel}","templated":true}]}}